{"id":1325,"date":"2023-03-27T07:15:41","date_gmt":"2023-03-27T07:15:41","guid":{"rendered":"https:\/\/infoecoe.umh.es\/?page_id=1325"},"modified":"2023-12-10T21:57:58","modified_gmt":"2023-12-10T20:57:58","slug":"el-proyecto","status":"publish","type":"page","link":"https:\/\/unidigitalecce.umh.es\/ca\/el-proyecto\/","title":{"rendered":"\u00bfQu\u00e9 es una ECOE?"},"content":{"rendered":"<p>[et_pb_section fb_built=&#8221;1&#8243; _builder_version=&#8221;4.17.4&#8243; _module_preset=&#8221;default&#8221; background_color=&#8221;rgba(255,255,255,0.58)&#8221; background_image=&#8221;https:\/\/unidigitalecce.umh.es\/files\/2023\/11\/kjkn.jpg&#8221; background_blend=&#8221;overlay&#8221; width=&#8221;100%&#8221; module_alignment=&#8221;center&#8221; min_height=&#8221;300px&#8221; custom_padding=&#8221;20px||34px|||&#8221; background_color_tablet=&#8221;#BFBFBF&#8221; background_color_phone=&#8221;#A6A6A6&#8243; background_last_edited=&#8221;on|phone&#8221; background_enable_color_tablet=&#8221;on&#8221; background_enable_color_phone=&#8221;on&#8221; background_blend_tablet=&#8221;overlay&#8221; background_blend_phone=&#8221;overlay&#8221; global_colors_info=&#8221;{}&#8221;][et_pb_row _builder_version=&#8221;4.17.4&#8243; _module_preset=&#8221;default&#8221; transform_scale_tablet=&#8221;&#8221; transform_scale_phone=&#8221;&#8221; transform_scale_last_edited=&#8221;on|phone&#8221; transform_translate=&#8221;20px|0px&#8221; transform_translate_tablet=&#8221;-33px|0px&#8221; transform_translate_phone=&#8221;50px|0px&#8221; transform_translate_last_edited=&#8221;on|phone&#8221; transform_translate_linked=&#8221;off&#8221; transform_rotate_tablet=&#8221;&#8221; transform_rotate_phone=&#8221;&#8221; transform_rotate_last_edited=&#8221;on|phone&#8221; transform_skew_tablet=&#8221;&#8221; transform_skew_phone=&#8221;&#8221; transform_skew_last_edited=&#8221;on|phone&#8221; transform_origin_tablet=&#8221;&#8221; transform_origin_phone=&#8221;&#8221; transform_origin_last_edited=&#8221;on|phone&#8221; transform_styles_last_edited=&#8221;on|phone&#8221; width=&#8221;100%&#8221; max_width=&#8221;1094px&#8221; module_alignment=&#8221;center&#8221; background_color_phone=&#8221;RGBA(255,255,255,0)&#8221; background_last_edited=&#8221;on|phone&#8221; background_enable_color_phone=&#8221;on&#8221; transform_styles_tablet=&#8221;&#8221; transform_styles_phone=&#8221;&#8221; global_colors_info=&#8221;{}&#8221;][et_pb_column type=&#8221;4_4&#8243; _builder_version=&#8221;4.17.4&#8243; _module_preset=&#8221;default&#8221; global_colors_info=&#8221;{}&#8221;][et_pb_text _builder_version=&#8221;4.17.4&#8243; _module_preset=&#8221;default&#8221; text_font=&#8221;Overpass||||||||&#8221; text_text_color=&#8221;#2E2E2E&#8221; text_font_size=&#8221;30px&#8221; text_line_height=&#8221;1.8em&#8221; header_font=&#8221;Overpass||||||||&#8221; header_text_align=&#8221;left&#8221; header_font_size=&#8221;45px&#8221; header_line_height=&#8221;1.1em&#8221; header_2_font=&#8221;Overpass||||||||&#8221; background_color=&#8221;RGBA(255,255,255,0)&#8221; width=&#8221;100%&#8221; width_tablet=&#8221;65%&#8221; width_phone=&#8221;100%&#8221; width_last_edited=&#8221;on|phone&#8221; max_width_tablet=&#8221;&#8221; max_width_phone=&#8221;100%&#8221; max_width_last_edited=&#8221;on|phone&#8221; module_alignment=&#8221;center&#8221; custom_margin=&#8221;||-20px|||&#8221; text_font_size_tablet=&#8221;30px&#8221; text_font_size_phone=&#8221;22px&#8221; text_font_size_last_edited=&#8221;on|phone&#8221; header_font_size_tablet=&#8221;45px&#8221; header_font_size_phone=&#8221;36px&#8221; header_font_size_last_edited=&#8221;on|phone&#8221; global_colors_info=&#8221;{}&#8221;]<\/p>\n<p>&nbsp;<\/p>\n<h1><b>El Proyecto ECCE<\/b><\/h1>\n<p>[\/et_pb_text][\/et_pb_column][\/et_pb_row][et_pb_row column_structure=&#8221;1_3,1_3,1_3&#8243; _builder_version=&#8221;4.17.4&#8243; _module_preset=&#8221;default&#8221; background_color=&#8221;rgba(255,255,255,0.9)&#8221; transform_scale_tablet=&#8221;&#8221; transform_scale_phone=&#8221;&#8221; transform_scale_last_edited=&#8221;on|phone&#8221; transform_translate=&#8221;300px|37px&#8221; transform_translate_tablet=&#8221;0px|19px&#8221; transform_translate_phone=&#8221;0px|32px&#8221; transform_translate_last_edited=&#8221;on|phone&#8221; transform_translate_linked=&#8221;off&#8221; transform_rotate_tablet=&#8221;&#8221; transform_rotate_phone=&#8221;&#8221; transform_rotate_last_edited=&#8221;on|phone&#8221; transform_skew_tablet=&#8221;&#8221; transform_skew_phone=&#8221;&#8221; transform_skew_last_edited=&#8221;on|phone&#8221; transform_origin_tablet=&#8221;&#8221; transform_origin_phone=&#8221;&#8221; transform_origin_last_edited=&#8221;on|phone&#8221; transform_styles_last_edited=&#8221;on|phone&#8221; width=&#8221;40%&#8221; width_tablet=&#8221;79%&#8221; width_phone=&#8221;100%&#8221; width_last_edited=&#8221;on|phone&#8221; max_width_tablet=&#8221;2560%&#8221; max_width_phone=&#8221;2560%&#8221; max_width_last_edited=&#8221;on|tablet&#8221; min_height=&#8221;100px&#8221; min_height_tablet=&#8221;100px&#8221; min_height_phone=&#8221;100px&#8221; min_height_last_edited=&#8221;on|tablet&#8221; height=&#8221;100px&#8221; height_tablet=&#8221;100px&#8221; height_phone=&#8221;140px&#8221; height_last_edited=&#8221;on|phone&#8221; transform_styles_tablet=&#8221;&#8221; transform_styles_phone=&#8221;&#8221; global_colors_info=&#8221;{}&#8221;][et_pb_column type=&#8221;1_3&#8243; _builder_version=&#8221;4.17.4&#8243; _module_preset=&#8221;default&#8221; global_colors_info=&#8221;{}&#8221;][et_pb_image src=&#8221;https:\/\/infoecoe.umh.es\/files\/2023\/04\/logo-ministerio.png&#8221; title_text=&#8221;logo-ministerio&#8221; align=&#8221;right&#8221; _builder_version=&#8221;4.17.4&#8243; _module_preset=&#8221;default&#8221; transform_scale_tablet=&#8221;&#8221; transform_scale_phone=&#8221;&#8221; transform_scale_last_edited=&#8221;on|phone&#8221; transform_translate=&#8221;0px|-12px&#8221; transform_translate_tablet=&#8221;-197px|-5px&#8221; transform_translate_phone=&#8221;19px|-6px&#8221; transform_translate_last_edited=&#8221;on|phone&#8221; transform_translate_linked=&#8221;off&#8221; transform_rotate_tablet=&#8221;&#8221; transform_rotate_phone=&#8221;&#8221; transform_rotate_last_edited=&#8221;on|phone&#8221; transform_skew_tablet=&#8221;&#8221; transform_skew_phone=&#8221;&#8221; transform_skew_last_edited=&#8221;on|phone&#8221; transform_origin_tablet=&#8221;&#8221; transform_origin_phone=&#8221;&#8221; transform_origin_last_edited=&#8221;on|phone&#8221; transform_styles_last_edited=&#8221;on|phone&#8221; width=&#8221;80%&#8221; max_width_tablet=&#8221;30%&#8221; max_width_phone=&#8221;40%&#8221; max_width_last_edited=&#8221;on|phone&#8221; transform_styles_tablet=&#8221;&#8221; transform_styles_phone=&#8221;&#8221; module_alignment_tablet=&#8221;center&#8221; module_alignment_phone=&#8221;left&#8221; module_alignment_last_edited=&#8221;on|phone&#8221; global_colors_info=&#8221;{}&#8221;][\/et_pb_image][\/et_pb_column][et_pb_column type=&#8221;1_3&#8243; _builder_version=&#8221;4.17.4&#8243; _module_preset=&#8221;default&#8221; global_colors_info=&#8221;{}&#8221;][et_pb_image src=&#8221;https:\/\/infoecoe.umh.es\/files\/2023\/04\/logo-plan-recuperacion.png&#8221; title_text=&#8221;logo-plan-recuperacion&#8221; _builder_version=&#8221;4.17.4&#8243; _module_preset=&#8221;default&#8221; transform_scale_tablet=&#8221;&#8221; transform_scale_phone=&#8221;&#8221; transform_scale_last_edited=&#8221;on|phone&#8221; transform_translate=&#8221;0px|-5px&#8221; transform_translate_tablet=&#8221;-1px|-76px&#8221; transform_translate_phone=&#8221;78px|-75px&#8221; transform_translate_last_edited=&#8221;on|phone&#8221; transform_translate_linked=&#8221;off&#8221; transform_rotate_tablet=&#8221;&#8221; transform_rotate_phone=&#8221;&#8221; transform_rotate_last_edited=&#8221;on|phone&#8221; transform_skew_tablet=&#8221;&#8221; transform_skew_phone=&#8221;&#8221; transform_skew_last_edited=&#8221;on|phone&#8221; transform_origin_tablet=&#8221;&#8221; transform_origin_phone=&#8221;&#8221; transform_origin_last_edited=&#8221;on|phone&#8221; transform_styles_last_edited=&#8221;on|phone&#8221; width=&#8221;90%&#8221; max_width_tablet=&#8221;30%&#8221; max_width_phone=&#8221;45%&#8221; max_width_last_edited=&#8221;on|phone&#8221; module_alignment=&#8221;center&#8221; transform_styles_tablet=&#8221;&#8221; transform_styles_phone=&#8221;&#8221; global_colors_info=&#8221;{}&#8221;][\/et_pb_image][\/et_pb_column][et_pb_column type=&#8221;1_3&#8243; _builder_version=&#8221;4.17.4&#8243; _module_preset=&#8221;default&#8221; global_colors_info=&#8221;{}&#8221;][et_pb_image src=&#8221;https:\/\/infoecoe.umh.es\/files\/2023\/04\/logo-UE.png&#8221; title_text=&#8221;logo-UE&#8221; _builder_version=&#8221;4.17.4&#8243; _module_preset=&#8221;default&#8221; transform_scale_tablet=&#8221;&#8221; transform_scale_phone=&#8221;&#8221; transform_scale_last_edited=&#8221;on|phone&#8221; transform_translate=&#8221;-15px|-5px&#8221; transform_translate_tablet=&#8221;196px|-143px&#8221; transform_translate_phone=&#8221;0px|-85px&#8221; transform_translate_last_edited=&#8221;on|phone&#8221; transform_translate_linked=&#8221;off&#8221; transform_rotate_tablet=&#8221;&#8221; transform_rotate_phone=&#8221;&#8221; transform_rotate_last_edited=&#8221;on|phone&#8221; transform_skew_tablet=&#8221;&#8221; transform_skew_phone=&#8221;&#8221; transform_skew_last_edited=&#8221;on|phone&#8221; transform_origin_tablet=&#8221;&#8221; transform_origin_phone=&#8221;&#8221; transform_origin_last_edited=&#8221;on|phone&#8221; transform_styles_last_edited=&#8221;on|phone&#8221; width=&#8221;80%&#8221; width_tablet=&#8221;80%&#8221; width_phone=&#8221;45%&#8221; width_last_edited=&#8221;on|phone&#8221; max_width_tablet=&#8221;30%&#8221; max_width_phone=&#8221;30%&#8221; max_width_last_edited=&#8221;on|tablet&#8221; module_alignment=&#8221;center&#8221; transform_styles_tablet=&#8221;&#8221; transform_styles_phone=&#8221;&#8221; global_colors_info=&#8221;{}&#8221;][\/et_pb_image][\/et_pb_column][\/et_pb_row][\/et_pb_section][et_pb_section fb_built=&#8221;1&#8243; disabled_on=&#8221;on|on|off&#8221; _builder_version=&#8221;4.17.4&#8243; _module_preset=&#8221;default&#8221; min_height=&#8221;20.8px&#8221; custom_margin=&#8221;-18px|||||&#8221; custom_padding=&#8221;72px||67px|||&#8221; global_colors_info=&#8221;{}&#8221;][et_pb_row _builder_version=&#8221;4.17.4&#8243; _module_preset=&#8221;default&#8221; custom_padding=&#8221;28px||0px|||&#8221; global_colors_info=&#8221;{}&#8221;][et_pb_column type=&#8221;4_4&#8243; _builder_version=&#8221;4.17.4&#8243; _module_preset=&#8221;default&#8221; global_colors_info=&#8221;{}&#8221;][et_pb_text _builder_version=&#8221;4.17.4&#8243; _module_preset=&#8221;default&#8221; text_font=&#8221;Heebo|500|||||||&#8221; text_font_size=&#8221;16px&#8221; custom_margin=&#8221;-37px||||false|false&#8221; global_colors_info=&#8221;{}&#8221;]<\/p>\n<p><span style=\"font-weight: 400;color: #333333\">El aprendizaje por resoluci\u00f3n razonada de problemas cl\u00ednicos es una herramienta b\u00e1sica y cl\u00e1sica de la ense\u00f1anza pr\u00e1ctica en Ciencias de la Salud. Hacen de puente entre la teor\u00eda y la asistencia real a un paciente, son un est\u00edmulo para el aprendizaje y permiten ganar experiencia cl\u00ednica. En un entorno hospitalario la fuente de casos cl\u00ednicos es pr\u00e1cticamente inagotable, f\u00e1cilmente accesible tanto al estudiantado como a profesorado, y cubren la mayor parte de problemas cl\u00ednicos.<\/span><\/p>\n<p><span style=\"font-weight: 400;color: #333333\">Existen m\u00faltiples plataformas de simulaci\u00f3n virtual en el mercado, que por su gran complejidad t\u00e9cnica y coste se hacen de facto inaccesibles. Nuestro proyecto se centra, m\u00e1s que en una simulaci\u00f3n de gran realismo, en la aplicaci\u00f3n y uso del proceso cognitivo subyacente a la realizaci\u00f3n de un diagn\u00f3stico, de la interpretaci\u00f3n de pruebas diagn\u00f3sticas y de la terap\u00e9utica.\u00a0<\/span><\/p>\n<p><span style=\"font-weight: 400;color: #333333\">El estudiantado se enfrentar\u00e1 a unos supuestos cl\u00ednicos y tendr\u00e1 la posibilidad de solicitar m\u00e1s datos del paciente, pruebas complementarias y procedimientos terap\u00e9uticos con el fin de diagnosticar y tratar de forma correcta al paciente.\u00a0 Esta interacci\u00f3n ocurrir\u00e1 en un sistema estandarizado que har\u00e1 un seguimiento de las opciones elegidas por el estudiante y del grado de acierto o error del mismo y que permitir\u00e1 el encaje de la mayor parte de situaciones cl\u00ednicas, lo que hace a este sistema muy transversal a lo largo de los distintos grados.\u00a0<\/span><\/p>\n<p>[\/et_pb_text][\/et_pb_column][\/et_pb_row][\/et_pb_section]<\/p>\n","protected":false},"excerpt":{"rendered":"<p>&nbsp; El Proyecto ECCEEl aprendizaje por resoluci\u00f3n razonada de problemas cl\u00ednicos es una herramienta b\u00e1sica y cl\u00e1sica de la ense\u00f1anza pr\u00e1ctica en Ciencias de la Salud. Hacen de puente entre la teor\u00eda y la asistencia real a un paciente, son un est\u00edmulo para el aprendizaje y permiten ganar experiencia cl\u00ednica. En un entorno hospitalario la [&hellip;]<\/p>\n","protected":false},"author":24713,"featured_media":0,"parent":0,"menu_order":0,"comment_status":"closed","ping_status":"closed","template":"","meta":{"_et_pb_use_builder":"on","_et_pb_old_content":"","_et_gb_content_width":"","_links_to":"","_links_to_target":""},"_links":{"self":[{"href":"https:\/\/unidigitalecce.umh.es\/ca\/wp-json\/wp\/v2\/pages\/1325"}],"collection":[{"href":"https:\/\/unidigitalecce.umh.es\/ca\/wp-json\/wp\/v2\/pages"}],"about":[{"href":"https:\/\/unidigitalecce.umh.es\/ca\/wp-json\/wp\/v2\/types\/page"}],"author":[{"embeddable":true,"href":"https:\/\/unidigitalecce.umh.es\/ca\/wp-json\/wp\/v2\/users\/24713"}],"replies":[{"embeddable":true,"href":"https:\/\/unidigitalecce.umh.es\/ca\/wp-json\/wp\/v2\/comments?post=1325"}],"version-history":[{"count":0,"href":"https:\/\/unidigitalecce.umh.es\/ca\/wp-json\/wp\/v2\/pages\/1325\/revisions"}],"wp:attachment":[{"href":"https:\/\/unidigitalecce.umh.es\/ca\/wp-json\/wp\/v2\/media?parent=1325"}],"curies":[{"name":"wp","href":"https:\/\/api.w.org\/{rel}","templated":true}]}}